{"id":212,"date":"2018-04-29T18:11:16","date_gmt":"2018-04-29T18:11:16","guid":{"rendered":"http:\/\/aeropuertoarica.cl\/?page_id=212"},"modified":"2025-05-28T16:44:11","modified_gmt":"2025-05-28T20:44:11","slug":"quienes-somos","status":"publish","type":"page","link":"https:\/\/aeropuertoarica.cl\/en\/quienes-somos\/","title":{"rendered":"About us"},"content":{"rendered":"<div class=\"wpb-content-wrapper\"><p>[vc_row full_width=&#8221;stretch_row_content&#8221; css=&#8221;.vc_custom_1525024255825{margin-top: 0px !important;margin-bottom: 0px !important;padding-top: 0px !important;padding-bottom: 0px !important;}&#8221;][vc_column css=&#8221;.vc_custom_1524929008550{margin-top: 0px !important;padding-top: 0px !important;padding-right: 0px !important;padding-left: 0px !important;}&#8221;][vc_row_inner css=&#8221;.vc_custom_1525025096095{margin-top: 40px !important;margin-bottom: 0px !important;padding-top: 0px !important;padding-right: 20px !important;padding-bottom: 0px !important;padding-left: 0px !important;}&#8221;][vc_column_inner el_class=&#8221;about-us&#8221; width=&#8221;1\/4&#8243; css=&#8221;.vc_custom_1533239806787{margin-top: 0px !important;margin-right: 0px !important;margin-bottom: 0px !important;padding-top: 0px !important;padding-right: 0px !important;padding-bottom: 0px !important;padding-left: 0px !important;}&#8221; el_id=&#8221;about-us&#8221;][vc_column_text css=&#8221;.vc_custom_1533239288290{margin-bottom: 0px !important;padding-bottom: 0px !important;}&#8221;]<a href=\"https:\/\/aeropuertoarica.cl\/tiempo\/\" rel=\"noopener\"><img loading=\"lazy\" decoding=\"async\" class=\"alignnone size-full wp-image-62\" src=\"https:\/\/aeropuertoarica.cl\/wp-content\/uploads\/2018\/08\/Botones_Espanol_tepual-01.svg\" alt=\"\" width=\"395\" height=\"210\" \/><\/a>[\/vc_column_text][vc_column_text css=&#8221;.vc_custom_1533239368147{margin-top: 0px !important;margin-bottom: 0px !important;padding-top: 0px !important;padding-bottom: 0px !important;}&#8221;]<a href=\"https:\/\/aeropuertoarica.cl\/galeria\/\"><img loading=\"lazy\" decoding=\"async\" class=\"alignnone size-full wp-image-62\" src=\"https:\/\/aeropuertoarica.cl\/wp-content\/uploads\/2018\/08\/Botones_Espanol_tepual-05.svg\" alt=\"\" width=\"395\" height=\"210\" \/><\/a>[\/vc_column_text][vc_column_text css=&#8221;.vc_custom_1533323774944{margin-top: 0px !important;margin-bottom: 0px !important;padding-top: 0px !important;padding-bottom: 0px !important;}&#8221;]<a href=\"https:\/\/aeropuertoarica.cl\/resena-del-aeropuerto-de-puerto-montt\/\"><img loading=\"lazy\" decoding=\"async\" class=\"alignnone wp-image-128 size-full\" src=\"https:\/\/aeropuertoarica.cl\/wp-content\/uploads\/2018\/08\/Botones_Espanol_tepual-06.svg\" alt=\"\" width=\"395\" height=\"210\" \/><\/a>[\/vc_column_text][vc_column_text css=&#8221;.vc_custom_1533239408386{margin-top: 0px !important;margin-bottom: 0px !important;padding-top: 0px !important;padding-bottom: 0px !important;}&#8221;]<a href=\"https:\/\/aeropuertoarica.cl\/preguntas-frecuentes\/\"><img loading=\"lazy\" decoding=\"async\" class=\"alignnone wp-image-56 size-full\" src=\"https:\/\/aeropuertoarica.cl\/wp-content\/uploads\/2018\/08\/Botones_Espanol_tepual-03.svg\" alt=\"\" width=\"395\" height=\"210\" \/><\/a>[\/vc_column_text][vc_column_text css=&#8221;.vc_custom_1533239428729{margin-top: 0px !important;margin-bottom: 0px !important;padding-top: 0px !important;padding-bottom: 0px !important;}&#8221;]<a href=\"https:\/\/aeropuertoarica.cl\/conoce-el-aeropuerto\/\"><img loading=\"lazy\" decoding=\"async\" class=\"alignnone wp-image-73 size-full\" src=\"https:\/\/aeropuertoarica.cl\/wp-content\/uploads\/2018\/08\/Botones_Espanol_tepual-02.svg\" alt=\"\" width=\"395\" height=\"210\" \/><\/a>[\/vc_column_text][vc_column_text css=&#8221;.vc_custom_1533239445977{margin-top: 0px !important;margin-bottom: 0px !important;padding-top: 0px !important;padding-bottom: 0px !important;}&#8221;]<a href=\"https:\/\/aeropuertoarica.cl\/como-llegar\/\"><img loading=\"lazy\" decoding=\"async\" class=\"alignnone wp-image-78 size-full\" src=\"https:\/\/aeropuertoarica.cl\/wp-content\/uploads\/2018\/08\/Botones_Espanol_tepual-04.svg\" alt=\"\" width=\"395\" height=\"210\" \/><\/a>[\/vc_column_text][\/vc_column_inner][vc_column_inner el_class=&#8221;wrap-about-us&#8221; width=&#8221;3\/4&#8243; el_id=&#8221;wrap-about-us&#8221;][vc_column_text css=&#8221;.vc_custom_1525025401820{margin-bottom: 0px !important;}&#8221;]<\/p>\n<h1 style=\"font-size: 30px; color: #003764; text-transform: uppercase; font-weight: 600;\">Quienes Somos<\/h1>\n<p>[\/vc_column_text][vc_separator color=&#8221;juicy_pink&#8221; align=&#8221;align_left&#8221; border_width=&#8221;2&#8243; el_width=&#8221;20&#8243; css=&#8221;.vc_custom_1554820551110{margin-top: 10px !important;margin-bottom: 20px !important;}&#8221;][vc_column_text css=&#8221;.vc_custom_1554820573647{margin-top: 30px !important;margin-bottom: 30px !important;}&#8221;]<img loading=\"lazy\" decoding=\"async\" class=\"wp-image-1595 size-full aligncenter\" src=\"https:\/\/aeropuertoarica.cl\/wp-content\/uploads\/2019\/04\/arica-qs.png\" alt=\"\" width=\"1246\" height=\"325\" srcset=\"https:\/\/aeropuertoarica.cl\/wp-content\/uploads\/2019\/04\/arica-qs.png 1246w, https:\/\/aeropuertoarica.cl\/wp-content\/uploads\/2019\/04\/arica-qs-300x78.png 300w, https:\/\/aeropuertoarica.cl\/wp-content\/uploads\/2019\/04\/arica-qs-768x200.png 768w, https:\/\/aeropuertoarica.cl\/wp-content\/uploads\/2019\/04\/arica-qs-1024x267.png 1024w, https:\/\/aeropuertoarica.cl\/wp-content\/uploads\/2019\/04\/arica-qs-260x68.png 260w, https:\/\/aeropuertoarica.cl\/wp-content\/uploads\/2019\/04\/arica-qs-50x13.png 50w, https:\/\/aeropuertoarica.cl\/wp-content\/uploads\/2019\/04\/arica-qs-150x39.png 150w\" sizes=\"auto, (max-width: 1246px) 100vw, 1246px\" \/>[\/vc_column_text][vc_column_text css=&#8221;.vc_custom_1599161363814{margin-top: 40px !important;}&#8221;]<\/p>\n<p align=\"justify\">Mediante el Decreto Supremo No. 11, publicado en el Diario Oficial con fecha 20 de marzo de 2019, el Ministerio de Obras P\u00fablicas adjudic\u00f3 al Consorcio Sacyr-Agunsa el Contrato de Concesi\u00f3n para la ejecuci\u00f3n, reparaci\u00f3n, conservaci\u00f3n y explotaci\u00f3n de las obras p\u00fablicas fiscales denominado \u201cAeropuerto Chacalluta de Arica\u201d.<\/p>\n<p>El 26 de abril de 2019 se constituy\u00f3 la Sociedad Concesionaria Aeropuerto de Arica S.A. El objeto de esta empresa es la construcci\u00f3n, conservaci\u00f3n y explotaci\u00f3n de las obras p\u00fablicas indicadas, a trav\u00e9s del Sistema de Concesiones, realizando la prestaci\u00f3n y explotaci\u00f3n de los servicios aeron\u00e1uticos y no servicios aeron\u00e1uticos asociados, y el uso y disfrute de los bienes de uso nacional, p\u00fablico o fiscal, destinado a desarrollar el trabajo entregado en concesi\u00f3n y las \u00e1reas y servicios acordados.<\/p>\n<p>Las empresas que constituyen la Sociedad Concesionaria Aeropuerto de Arica S.A. participan en ella seg\u00fan los siguientes porcentajes: Sacyr: 57.5% Agunsa: 42.5%[\/vc_column_text][\/vc_column_inner][\/vc_row_inner][\/vc_column][\/vc_row][vc_row full_width=&#8221;stretch_row_content&#8221; css=&#8221;.vc_custom_1525004677653{background-color: #e0e1e6 !important;}&#8221;][vc_column][vc_column_text css=&#8221;&#8221;]<\/p>\n<div style=\"display: flex; justify-content: space-around; align-items: flex-start;\">\n<div>\n<div>\n<div style=\"float: left; margin-right: 2px;\"><img loading=\"lazy\" decoding=\"async\" class=\"alignnone size-full wp-image-138\" style=\"width: 80%; vertical-align: text-top;\" src=\"https:\/\/aeropuertoarica.cl\/wp-content\/uploads\/2018\/04\/icon-phone-1.png\" alt=\"\" width=\"44\" height=\"42\" \/><\/div>\n<div style=\"float: left; margin: 0px;\">\n<p style=\"margin: 0px;\">Mes\u00f3n de informaciones<\/p>\n<p style=\"margin: 0px;\">(56 58) 221 3416<\/p>\n<p>(+56 9) 4478 1009<\/p>\n<\/div>\n<\/div>\n<\/div>\n<div>\n<div>\n<div style=\"float: left; margin-right: 10px;\"><img loading=\"lazy\" decoding=\"async\" style=\"width: 80%;\" src=\"https:\/\/aeropuertoarica.cl\/wp-content\/uploads\/2018\/04\/icon-horario.png\" alt=\"\" width=\"44\" height=\"42\" \/><\/div>\n<div style=\"float: left; margin: 0px;\">\n<p style=\"margin: 0px;\">Horario<\/p>\n<p style=\"margin: 0px;\">24 horas del d\u00eda.<\/p>\n<\/div>\n<\/div>\n<\/div>\n<div>\n<div>\n<div style=\"float: left; margin-right: 10px;\"><img loading=\"lazy\" decoding=\"async\" style=\"width: 80%;\" src=\"https:\/\/aeropuertoarica.cl\/wp-content\/uploads\/2018\/04\/location-icon.png\" alt=\"\" width=\"44\" height=\"42\" \/><\/div>\n<div style=\"float: left; margin: 0px;\">\n<p style=\"margin: 0px;\">Edificio Terminal de pasajeros,<\/p>\n<p style=\"margin: 0px;\">Aeropuerto Chacalluta de Arica<\/p>\n<p style=\"margin: 0px;\">Regi\u00f3n de Arica y Parinacota.<\/p>\n<\/div>\n<\/div>\n<\/div>\n<div>\n<div><a style=\"color: #666; background-color: #ebebeb; padding: 14px 20px;\" href=\"https:\/\/sacyr.com\/canal-etico\">Canal \u00c9tico<\/a><\/div>\n<\/div>\n<div style=\"display: flex;\"><img decoding=\"async\" class=\"imagenlsqa alignnone size-full wp-image-2342\" src=\"https:\/\/aeropuertoarica.cl\/wp-content\/uploads\/2024\/07\/6043_Sello1_Huella_2023.png\" alt=\"\" width=\"60\" \/><br \/>\n<img decoding=\"async\" style=\"width:100%;height:50px;\" class=\"imagenlsqa alignnone size-full wp-image-2342\" src=\"https:\/\/aeropuertoarica.cl\/wp-content\/uploads\/2025\/05\/logos-footer.png\" alt=\"logos\" width=\"300\" \/><\/div>\n<\/div>\n<p>[\/vc_column_text][\/vc_column][\/vc_row]<\/p>\n<\/div>","protected":false},"excerpt":{"rendered":"<p>[vc_row full_width=&#8221;stretch_row_content&#8221; css=&#8221;.vc_custom_1525024255825{margin-top: 0px !important;margin-bottom: 0px !important;padding-top: 0px !important;padding-bottom: 0px !important;}&#8221;][vc_column css=&#8221;.vc_custom_1524929008550{margin-top: 0px !important;padding-top: 0px !important;padding-right: 0px !important;padding-left: 0px !important;}&#8221;][vc_row_inner css=&#8221;.vc_custom_1525025096095{margin-top: 40px !important;margin-bottom: 0px !important;padding-top: 0px<span class=\"excerpt-hellip\"> [\u2026]<\/span><\/p>\n","protected":false},"author":1004,"featured_media":0,"parent":0,"menu_order":0,"comment_status":"closed","ping_status":"open","template":"","meta":{"footnotes":""},"class_list":["post-212","page","type-page","status-publish","hentry"],"_links":{"self":[{"href":"https:\/\/aeropuertoarica.cl\/en\/wp-json\/wp\/v2\/pages\/212","targetHints":{"allow":["GET"]}}],"collection":[{"href":"https:\/\/aeropuertoarica.cl\/en\/wp-json\/wp\/v2\/pages"}],"about":[{"href":"https:\/\/aeropuertoarica.cl\/en\/wp-json\/wp\/v2\/types\/page"}],"author":[{"embeddable":true,"href":"https:\/\/aeropuertoarica.cl\/en\/wp-json\/wp\/v2\/users\/1004"}],"replies":[{"embeddable":true,"href":"https:\/\/aeropuertoarica.cl\/en\/wp-json\/wp\/v2\/comments?post=212"}],"version-history":[{"count":67,"href":"https:\/\/aeropuertoarica.cl\/en\/wp-json\/wp\/v2\/pages\/212\/revisions"}],"predecessor-version":[{"id":2698,"href":"https:\/\/aeropuertoarica.cl\/en\/wp-json\/wp\/v2\/pages\/212\/revisions\/2698"}],"wp:attachment":[{"href":"https:\/\/aeropuertoarica.cl\/en\/wp-json\/wp\/v2\/media?parent=212"}],"curies":[{"name":"wp","href":"https:\/\/api.w.org\/{rel}","templated":true}]}}