{"id":455,"date":"2018-06-20T16:55:58","date_gmt":"2018-06-20T16:55:58","guid":{"rendered":"http:\/\/aeropuertoarica.cl\/?page_id=455"},"modified":"2025-05-28T16:50:43","modified_gmt":"2025-05-28T20:50:43","slug":"informacion-turistica","status":"publish","type":"page","link":"https:\/\/aeropuertoarica.cl\/en\/informacion-turistica\/","title":{"rendered":"INFORMACIO\u0301N TURI\u0301STICA"},"content":{"rendered":"<div class=\"wpb-content-wrapper\"><p>[vc_row full_width=&#8221;stretch_row_content&#8221; css=&#8221;.vc_custom_1525024255825{margin-top: 0px !important;margin-bottom: 0px !important;padding-top: 0px !important;padding-bottom: 0px !important;}&#8221;][vc_column css=&#8221;.vc_custom_1532717933835{margin-top: 0px !important;padding-top: 0px !important;padding-right: 0px !important;padding-left: 0px !important;}&#8221; el_id=&#8221;wrap-informacion&#8221; el_class=&#8221;wrap-informacion&#8221;][vc_row_inner css=&#8221;.vc_custom_1525025096095{margin-top: 40px !important;margin-bottom: 0px !important;padding-top: 0px !important;padding-right: 20px !important;padding-bottom: 0px !important;padding-left: 0px !important;}&#8221;][vc_column_inner el_class=&#8221;about-us&#8221; width=&#8221;1\/4&#8243; css=&#8221;.vc_custom_1533651929896{margin-top: 0px !important;margin-right: 0px !important;margin-bottom: 0px !important;padding-top: 0px !important;padding-right: 0px !important;padding-bottom: 0px !important;padding-left: 0px !important;}&#8221; el_id=&#8221;about-us&#8221;][vc_column_text css=&#8221;.vc_custom_1533651919882{margin-bottom: 0px !important;padding-bottom: 0px !important;}&#8221;]<a href=\"https:\/\/aeropuertoarica.cl\/tiempo\/\" rel=\"noopener\"><img loading=\"lazy\" decoding=\"async\" class=\"alignnone size-full wp-image-62\" src=\"https:\/\/aeropuertoarica.cl\/wp-content\/uploads\/2018\/08\/Botones_Espanol_tepual-01.svg\" alt=\"\" width=\"395\" height=\"210\" \/><\/a>[\/vc_column_text][vc_column_text css=&#8221;.vc_custom_1533651988329{margin-top: 0px !important;margin-bottom: 0px !important;padding-top: 0px !important;padding-bottom: 0px !important;}&#8221;]<a href=\"https:\/\/aeropuertoarica.cl\/galeria\/\"><img loading=\"lazy\" decoding=\"async\" class=\"alignnone size-full wp-image-62\" src=\"https:\/\/aeropuertoarica.cl\/wp-content\/uploads\/2018\/08\/Botones_Espanol_tepual-05.svg\" alt=\"\" width=\"395\" height=\"210\" \/><\/a>[\/vc_column_text][vc_column_text css=&#8221;.vc_custom_1533651997047{margin-top: 0px !important;margin-bottom: 0px !important;padding-top: 0px !important;padding-bottom: 0px !important;}&#8221;]<a href=\"https:\/\/aeropuertoarica.cl\/resena-del-aeropuerto-de-puerto-montt\/\"><img loading=\"lazy\" decoding=\"async\" class=\"alignnone wp-image-128 size-full\" src=\"https:\/\/aeropuertoarica.cl\/wp-content\/uploads\/2018\/08\/Botones_Espanol_tepual-06.svg\" alt=\"\" width=\"395\" height=\"210\" \/><\/a>[\/vc_column_text][vc_column_text css=&#8221;.vc_custom_1533652006816{margin-top: 0px !important;margin-bottom: 0px !important;padding-top: 0px !important;padding-bottom: 0px !important;}&#8221;]<a href=\"https:\/\/aeropuertoarica.cl\/preguntas-frecuentes\/\"><img loading=\"lazy\" decoding=\"async\" class=\"alignnone wp-image-56 size-full\" src=\"https:\/\/aeropuertoarica.cl\/wp-content\/uploads\/2018\/08\/Botones_Espanol_tepual-03.svg\" alt=\"\" width=\"395\" height=\"210\" \/><\/a>[\/vc_column_text][vc_column_text css=&#8221;.vc_custom_1533652014247{margin-top: 0px !important;margin-bottom: 0px !important;padding-top: 0px !important;padding-bottom: 0px !important;}&#8221;]<a href=\"https:\/\/aeropuertoarica.cl\/conoce-el-aeropuerto\/\"><img loading=\"lazy\" decoding=\"async\" class=\"alignnone wp-image-73 size-full\" src=\"https:\/\/aeropuertoarica.cl\/wp-content\/uploads\/2018\/08\/Botones_Espanol_tepual-02.svg\" alt=\"\" width=\"395\" height=\"210\" \/><\/a>[\/vc_column_text][vc_column_text css=&#8221;.vc_custom_1533652024895{margin-top: 0px !important;margin-bottom: 0px !important;padding-top: 0px !important;padding-bottom: 0px !important;}&#8221;]<a href=\"https:\/\/aeropuertoarica.cl\/como-llegar\/\"><img loading=\"lazy\" decoding=\"async\" class=\"alignnone wp-image-78 size-full\" src=\"https:\/\/aeropuertoarica.cl\/wp-content\/uploads\/2018\/08\/Botones_Espanol_tepual-04.svg\" alt=\"\" width=\"395\" height=\"210\" \/><\/a>[\/vc_column_text][\/vc_column_inner][vc_column_inner width=&#8221;3\/4&#8243;][vc_column_text css=&#8221;.vc_custom_1529510083639{margin-bottom: 0px !important;}&#8221;]<\/p>\n<h1 style=\"font-size: 30px; color: #003764; text-transform: uppercase; font-weight: 600;\">INFORMACIO\u0301N TURI\u0301STICA<\/h1>\n<p>[\/vc_column_text][vc_separator color=&#8221;juicy_pink&#8221; align=&#8221;align_left&#8221; border_width=&#8221;2&#8243; el_width=&#8221;20&#8243; css=&#8221;.vc_custom_1529512149942{margin-top: 0px !important;}&#8221;][vc_column_text css=&#8221;.vc_custom_1554842398891{margin-top: 40px !important;}&#8221;]<\/p>\n<h3 style=\"font-weight: bold;\">Valle de Lluta<\/h3>\n<p style=\"font-size: 17px;\">El Valle de Lluta est\u00e1 ubicado a 20 minutos al norte de Arica. Posee un alto valor arqueol\u00f3gico. En las laderas de los cerros te encontrar\u00e1s con geoglifos de grandes dimensiones, entre los que destacan La Rana, El \u00c1guila y Los Gigantes de Lluta, todos hechos con la t\u00e9cnica positiva o aditiva y te\u00f3ricamente realizados durante el per\u00edodo de desarrollo local y cultural entre los 1100 y 1400 DC.<\/p>\n<p style=\"font-size: 17px;\">Casi a la entrada del Valle de Lluta, a pocos metros de la carretera, se encuentran las colcas de Huaylac\u00e1n, sitios subterr\u00e1neos con paredes de piedras utilizados originalmente para mantener la comida por m\u00e1s tiempo y tambi\u00e9n protegerla de roedores.<\/p>\n<p>[\/vc_column_text][vc_column_text css=&#8221;.vc_custom_1554842820168{margin-top: 30px !important;}&#8221;]<img loading=\"lazy\" decoding=\"async\" class=\"alignnone wp-image-1636 size-full\" src=\"https:\/\/aeropuertoarica.cl\/wp-content\/uploads\/2019\/04\/vallle-de-lluta.png\" alt=\"\" width=\"1230\" height=\"650\" srcset=\"https:\/\/aeropuertoarica.cl\/wp-content\/uploads\/2019\/04\/vallle-de-lluta.png 1230w, https:\/\/aeropuertoarica.cl\/wp-content\/uploads\/2019\/04\/vallle-de-lluta-300x159.png 300w, https:\/\/aeropuertoarica.cl\/wp-content\/uploads\/2019\/04\/vallle-de-lluta-768x406.png 768w, https:\/\/aeropuertoarica.cl\/wp-content\/uploads\/2019\/04\/vallle-de-lluta-1024x541.png 1024w, https:\/\/aeropuertoarica.cl\/wp-content\/uploads\/2019\/04\/vallle-de-lluta-260x137.png 260w, https:\/\/aeropuertoarica.cl\/wp-content\/uploads\/2019\/04\/vallle-de-lluta-50x26.png 50w, https:\/\/aeropuertoarica.cl\/wp-content\/uploads\/2019\/04\/vallle-de-lluta-142x75.png 142w\" sizes=\"auto, (max-width: 1230px) 100vw, 1230px\" \/>[\/vc_column_text][vc_column_text css=&#8221;.vc_custom_1554842380091{margin-top: 40px !important;}&#8221;]<\/p>\n<h3 style=\"font-weight: bold;\">Reserva de la Bi\u00f3sfera Lauca<\/h3>\n<p style=\"font-size: 17px;\">Un lugar ideal para hacer excursiones en contacto con la naturaleza. Cuenta con paisajes incre\u00edbles y una hermosa flora, compuesta por tolares, bofedales y fauna end\u00e9mica que destaca por sus cam\u00e9lidos y variedad de aves, entre \u00e9stas, se pueden encontrar las parinas, el pato jerg\u00f3n y taguas gigantes. Esta reserva la conforman en Parque Nacional Lauca, la Reserva Nacional Las Vicu\u00f1as y el Monumento Natural Salar de Surire.<\/p>\n<p style=\"font-size: 17px;\">Es un destino especial para el turismo aventura, d\u00f3nde podr\u00e1s realizar trekking, monta\u00f1ismo, escalada y safaris fotogr\u00e1ficos. Tambi\u00e9n cuenta con diversos atractivos culturales asociados a la cultura aymara que se refleja en la arquitectura de sus poblados y en las fiestas tradicionales. Destacan sus iglesias y las costumbres religiosas que dan cuenta de un interesante sincretismo cultural desarrollado luego de la colonizaci\u00f3n hispana.<\/p>\n<p>[\/vc_column_text][vc_column_text css=&#8221;.vc_custom_1554842947911{margin-top: 30px !important;}&#8221;]<img loading=\"lazy\" decoding=\"async\" class=\"alignnone wp-image-1637 size-full\" src=\"https:\/\/aeropuertoarica.cl\/wp-content\/uploads\/2019\/04\/reserva-biosfera.png\" alt=\"\" width=\"1230\" height=\"650\" srcset=\"https:\/\/aeropuertoarica.cl\/wp-content\/uploads\/2019\/04\/reserva-biosfera.png 1230w, https:\/\/aeropuertoarica.cl\/wp-content\/uploads\/2019\/04\/reserva-biosfera-300x159.png 300w, https:\/\/aeropuertoarica.cl\/wp-content\/uploads\/2019\/04\/reserva-biosfera-768x406.png 768w, https:\/\/aeropuertoarica.cl\/wp-content\/uploads\/2019\/04\/reserva-biosfera-1024x541.png 1024w, https:\/\/aeropuertoarica.cl\/wp-content\/uploads\/2019\/04\/reserva-biosfera-260x137.png 260w, https:\/\/aeropuertoarica.cl\/wp-content\/uploads\/2019\/04\/reserva-biosfera-50x26.png 50w, https:\/\/aeropuertoarica.cl\/wp-content\/uploads\/2019\/04\/reserva-biosfera-142x75.png 142w\" sizes=\"auto, (max-width: 1230px) 100vw, 1230px\" \/>[\/vc_column_text][vc_column_text css=&#8221;.vc_custom_1554842467706{margin-top: 40px !important;}&#8221;]<\/p>\n<h3 style=\"font-weight: bold;\">Putre<\/h3>\n<p style=\"font-size: 17px;\">Ubicado a 145 km desde Arica hacia el Altiplano, llegas a Putre, un lugar que te har\u00e1 retroceder en el tiempo, ya que encontrar\u00e1s construcciones del siglo XVII, como su pintoresca iglesia.<\/p>\n<p style=\"font-size: 17px;\">Re\u00fane todos los servicios que el turista necesita, desde alojamientos hasta actividades de trekking, bicicleta y monta\u00f1ismo. La oferta gastron\u00f3mica tambi\u00e9n dice presente, donde sobresale la carne de cam\u00e9lidos, la quinoa, la papa, el chu\u00f1o y el arroz.<\/p>\n<p style=\"font-size: 17px;\">Como todo pueblo del altiplano tambi\u00e9n tiene tiempo para Carnavales, el m\u00e1s importante se celebra en el mes de febrero. El 15 de agosto se rinde tributo a la Virgen del Carmen y en noviembre a la procesi\u00f3n del Cristo Rey.<\/p>\n<p>[\/vc_column_text][vc_column_text css=&#8221;.vc_custom_1554843059621{margin-top: 30px !important;}&#8221;]<img loading=\"lazy\" decoding=\"async\" class=\"alignnone wp-image-1638 size-full\" src=\"https:\/\/aeropuertoarica.cl\/wp-content\/uploads\/2019\/04\/putre-1.png\" alt=\"\" width=\"1230\" height=\"650\" srcset=\"https:\/\/aeropuertoarica.cl\/wp-content\/uploads\/2019\/04\/putre-1.png 1230w, https:\/\/aeropuertoarica.cl\/wp-content\/uploads\/2019\/04\/putre-1-300x159.png 300w, https:\/\/aeropuertoarica.cl\/wp-content\/uploads\/2019\/04\/putre-1-768x406.png 768w, https:\/\/aeropuertoarica.cl\/wp-content\/uploads\/2019\/04\/putre-1-1024x541.png 1024w, https:\/\/aeropuertoarica.cl\/wp-content\/uploads\/2019\/04\/putre-1-260x137.png 260w, https:\/\/aeropuertoarica.cl\/wp-content\/uploads\/2019\/04\/putre-1-50x26.png 50w, https:\/\/aeropuertoarica.cl\/wp-content\/uploads\/2019\/04\/putre-1-142x75.png 142w\" sizes=\"auto, (max-width: 1230px) 100vw, 1230px\" \/>[\/vc_column_text][vc_column_text css=&#8221;.vc_custom_1554842534152{margin-top: 40px !important;}&#8221;]<\/p>\n<h3 style=\"font-weight: bold;\">Arica<\/h3>\n<p style=\"font-size: 17px;\">Arica, conocida como la ciudad de la eterna primavera, en la que contrasta el oce\u00e1no Pac\u00edfico, el despampanante desierto, y el imponente Morro. Cuenta con un clima privilegiado todos los d\u00edas del a\u00f1o, lo que se traduce en un destino que se puede visitar todo el a\u00f1o.<\/p>\n<p style=\"font-size: 17px;\">Sus playas son aptas para practicar deportes en el mar, el rey de todos estos es el surf. En esta ciudad todos los a\u00f1os se celebra el mundial de esta disciplina, los mejores exponentes del mundo arriban a la ciudad para correr la famosa ola el gringo.<\/p>\n<p style=\"font-size: 17px;\">En el centro no puedes dejar de visitar el casco hist\u00f3rico destacando edificios como la Ex Aduana, Catedral San Marcos y el Mercado Central, los cuales podr\u00e1s conocer con el \u201cTour Peatonal\u201d gratuito que ofrece las oficinas de Sernatur.<\/p>\n<p style=\"font-size: 17px;\">Influenciado fuertemente por los pueblos peruanos y bolivianos, se convierte en una zona donde la multiculturalidad de ambos pa\u00edses lim\u00edtrofes se refleja en la gastronom\u00eda y costumbres de su gente.<\/p>\n<p>[\/vc_column_text][vc_column_text css=&#8221;.vc_custom_1554843131724{margin-top: 30px !important;}&#8221;]<img loading=\"lazy\" decoding=\"async\" class=\"alignnone wp-image-1639 size-full\" src=\"https:\/\/aeropuertoarica.cl\/wp-content\/uploads\/2019\/04\/arica-.png\" alt=\"\" width=\"1230\" height=\"650\" srcset=\"https:\/\/aeropuertoarica.cl\/wp-content\/uploads\/2019\/04\/arica-.png 1230w, https:\/\/aeropuertoarica.cl\/wp-content\/uploads\/2019\/04\/arica--300x159.png 300w, https:\/\/aeropuertoarica.cl\/wp-content\/uploads\/2019\/04\/arica--768x406.png 768w, https:\/\/aeropuertoarica.cl\/wp-content\/uploads\/2019\/04\/arica--1024x541.png 1024w, https:\/\/aeropuertoarica.cl\/wp-content\/uploads\/2019\/04\/arica--260x137.png 260w, https:\/\/aeropuertoarica.cl\/wp-content\/uploads\/2019\/04\/arica--50x26.png 50w, https:\/\/aeropuertoarica.cl\/wp-content\/uploads\/2019\/04\/arica--142x75.png 142w\" sizes=\"auto, (max-width: 1230px) 100vw, 1230px\" \/>[\/vc_column_text][vc_column_text]<\/p>\n<p style=\"font-size: 17px;\">M\u00e1s informaci\u00f3n en <a href=\"http:\/\/www.chileestuyo.cl\" target=\"_blank\" rel=\"noopener\" data-saferedirecturl=\"https:\/\/www.google.com\/url?hl=es&amp;q=http:\/\/www.chileestuyo.cl&amp;source=gmail&amp;ust=1530216532932000&amp;usg=AFQjCNHaSWBYjEDi8YK_WYmnK_AO-Aq48A\">www.chileestuyo.cl<\/a> y <a href=\"http:\/\/www.sernatur.cl\" target=\"_blank\" rel=\"noopener\" data-saferedirecturl=\"https:\/\/www.google.com\/url?hl=es&amp;q=http:\/\/www.sernatur.cl&amp;source=gmail&amp;ust=1530216532932000&amp;usg=AFQjCNG9JVbp-45YbFn_jPTBie94iIIxvg\"> www.sernatur.cl<\/a><\/p>\n<p>[\/vc_column_text][\/vc_column_inner][\/vc_row_inner][\/vc_column][\/vc_row][vc_row full_width=&#8221;stretch_row_content&#8221; css=&#8221;.vc_custom_1525004677653{background-color: #e0e1e6 !important;}&#8221;][vc_column][vc_column_text css=&#8221;&#8221;]<\/p>\n<div style=\"display: flex; justify-content: space-around; align-items: flex-start;\">\n<div>\n<div>\n<div style=\"float: left; margin-right: 2px;\"><img loading=\"lazy\" decoding=\"async\" class=\"alignnone size-full wp-image-138\" style=\"width: 80%; vertical-align: text-top;\" src=\"https:\/\/aeropuertoarica.cl\/wp-content\/uploads\/2018\/04\/icon-phone-1.png\" alt=\"\" width=\"44\" height=\"42\" \/><\/div>\n<div style=\"float: left; margin: 0px;\">\n<p style=\"margin: 0px;\">Mes\u00f3n de informaciones<\/p>\n<p style=\"margin: 0px;\">(56 58) 221 3416<\/p>\n<p>(+56 9) 4478 1009<\/p>\n<\/div>\n<\/div>\n<\/div>\n<div>\n<div>\n<div style=\"float: left; margin-right: 10px;\"><img loading=\"lazy\" decoding=\"async\" style=\"width: 80%;\" src=\"https:\/\/aeropuertoarica.cl\/wp-content\/uploads\/2018\/04\/icon-horario.png\" alt=\"\" width=\"44\" height=\"42\" \/><\/div>\n<div style=\"float: left; margin: 0px;\">\n<p style=\"margin: 0px;\">Horario<\/p>\n<p style=\"margin: 0px;\">24 horas del d\u00eda.<\/p>\n<\/div>\n<\/div>\n<\/div>\n<div>\n<div>\n<div style=\"float: left; margin-right: 10px;\"><img loading=\"lazy\" decoding=\"async\" style=\"width: 80%;\" src=\"https:\/\/aeropuertoarica.cl\/wp-content\/uploads\/2018\/04\/location-icon.png\" alt=\"\" width=\"44\" height=\"42\" \/><\/div>\n<div style=\"float: left; margin: 0px;\">\n<p style=\"margin: 0px;\">Edificio Terminal de pasajeros,<\/p>\n<p style=\"margin: 0px;\">Aeropuerto Chacalluta de Arica<\/p>\n<p style=\"margin: 0px;\">Regi\u00f3n de Arica y Parinacota.<\/p>\n<\/div>\n<\/div>\n<\/div>\n<div>\n<div><a style=\"color: #666; background-color: #ebebeb; padding: 14px 20px;\" href=\"https:\/\/sacyr.com\/canal-etico\">Canal \u00c9tico<\/a><\/div>\n<\/div>\n<div style=\"display: flex;\"><img decoding=\"async\" class=\"imagenlsqa alignnone size-full wp-image-2342\" src=\"https:\/\/aeropuertoarica.cl\/wp-content\/uploads\/2024\/07\/6043_Sello1_Huella_2023.png\" alt=\"\" width=\"60\" \/><br \/>\n<img decoding=\"async\" style=\"width:100%;height:50px;\" class=\"imagenlsqa alignnone size-full wp-image-2342\" src=\"https:\/\/aeropuertoarica.cl\/wp-content\/uploads\/2025\/05\/logos-footer.png\" alt=\"logos\" width=\"300\" \/><\/div>\n<\/div>\n<p>[\/vc_column_text][\/vc_column][\/vc_row]<\/p>\n<\/div>","protected":false},"excerpt":{"rendered":"<p>[vc_row full_width=&#8221;stretch_row_content&#8221; css=&#8221;.vc_custom_1525024255825{margin-top: 0px !important;margin-bottom: 0px !important;padding-top: 0px !important;padding-bottom: 0px !important;}&#8221;][vc_column css=&#8221;.vc_custom_1532717933835{margin-top: 0px !important;padding-top: 0px !important;padding-right: 0px !important;padding-left: 0px !important;}&#8221; el_id=&#8221;wrap-informacion&#8221; el_class=&#8221;wrap-informacion&#8221;][vc_row_inner css=&#8221;.vc_custom_1525025096095{margin-top: 40px !important;margin-bottom: 0px<span class=\"excerpt-hellip\"> [\u2026]<\/span><\/p>\n","protected":false},"author":1004,"featured_media":0,"parent":0,"menu_order":0,"comment_status":"closed","ping_status":"closed","template":"","meta":{"footnotes":""},"class_list":["post-455","page","type-page","status-publish","hentry"],"_links":{"self":[{"href":"https:\/\/aeropuertoarica.cl\/en\/wp-json\/wp\/v2\/pages\/455","targetHints":{"allow":["GET"]}}],"collection":[{"href":"https:\/\/aeropuertoarica.cl\/en\/wp-json\/wp\/v2\/pages"}],"about":[{"href":"https:\/\/aeropuertoarica.cl\/en\/wp-json\/wp\/v2\/types\/page"}],"author":[{"embeddable":true,"href":"https:\/\/aeropuertoarica.cl\/en\/wp-json\/wp\/v2\/users\/1004"}],"replies":[{"embeddable":true,"href":"https:\/\/aeropuertoarica.cl\/en\/wp-json\/wp\/v2\/comments?post=455"}],"version-history":[{"count":43,"href":"https:\/\/aeropuertoarica.cl\/en\/wp-json\/wp\/v2\/pages\/455\/revisions"}],"predecessor-version":[{"id":2712,"href":"https:\/\/aeropuertoarica.cl\/en\/wp-json\/wp\/v2\/pages\/455\/revisions\/2712"}],"wp:attachment":[{"href":"https:\/\/aeropuertoarica.cl\/en\/wp-json\/wp\/v2\/media?parent=455"}],"curies":[{"name":"wp","href":"https:\/\/api.w.org\/{rel}","templated":true}]}}