{"id":507,"date":"2018-06-20T18:24:03","date_gmt":"2018-06-20T18:24:03","guid":{"rendered":"http:\/\/aeropuertoarica.cl\/?page_id=507"},"modified":"2025-05-28T16:53:04","modified_gmt":"2025-05-28T20:53:04","slug":"preguntas-frecuentes","status":"publish","type":"page","link":"https:\/\/aeropuertoarica.cl\/en\/preguntas-frecuentes\/","title":{"rendered":"PREGUNTAS FRECUENTES"},"content":{"rendered":"<div class=\"wpb-content-wrapper\"><p>[vc_row full_width=&#8221;stretch_row_content&#8221; css=&#8221;.vc_custom_1525024255825{margin-top: 0px !important;margin-bottom: 0px !important;padding-top: 0px !important;padding-bottom: 0px !important;}&#8221;][vc_column css=&#8221;.vc_custom_1532720784526{margin-top: 0px !important;padding-top: 0px !important;padding-right: 0px !important;padding-left: 0px !important;}&#8221; el_id=&#8221;wrap-preguntas&#8221; el_class=&#8221;wrap-preguntas&#8221;][vc_row_inner css=&#8221;.vc_custom_1525025096095{margin-top: 40px !important;margin-bottom: 0px !important;padding-top: 0px !important;padding-right: 20px !important;padding-bottom: 0px !important;padding-left: 0px !important;}&#8221;][vc_column_inner el_class=&#8221;about-us&#8221; width=&#8221;1\/4&#8243; css=&#8221;.vc_custom_1533654210737{margin-top: 0px !important;margin-right: 0px !important;margin-bottom: 0px !important;padding-top: 0px !important;padding-right: 0px !important;padding-bottom: 0px !important;padding-left: 0px !important;}&#8221; el_id=&#8221;about-us&#8221;][vc_column_text css=&#8221;.vc_custom_1533654164170{margin-bottom: 0px !important;padding-bottom: 0px !important;}&#8221;]<a href=\"https:\/\/aeropuertoarica.cl\/tiempo\/\" rel=\"noopener\"><img loading=\"lazy\" decoding=\"async\" class=\"alignnone size-full wp-image-62\" src=\"https:\/\/aeropuertoarica.cl\/wp-content\/uploads\/2018\/08\/Botones_Espanol_tepual-01.svg\" alt=\"\" width=\"395\" height=\"210\" \/><\/a>[\/vc_column_text][vc_column_text css=&#8221;.vc_custom_1533654173426{margin-top: 0px !important;margin-bottom: 0px !important;padding-top: 0px !important;padding-bottom: 0px !important;}&#8221;]<a href=\"https:\/\/aeropuertoarica.cl\/galeria\/\"><img loading=\"lazy\" decoding=\"async\" class=\"alignnone size-full wp-image-62\" src=\"https:\/\/aeropuertoarica.cl\/wp-content\/uploads\/2018\/08\/Botones_Espanol_tepual-05.svg\" alt=\"\" width=\"395\" height=\"210\" \/><\/a>[\/vc_column_text][vc_column_text css=&#8221;.vc_custom_1533654180898{margin-top: 0px !important;margin-bottom: 0px !important;padding-top: 0px !important;padding-bottom: 0px !important;}&#8221;]<a href=\"https:\/\/aeropuertoarica.cl\/resena-del-aeropuerto-de-puerto-montt\/\"><img loading=\"lazy\" decoding=\"async\" class=\"alignnone wp-image-128 size-full\" src=\"https:\/\/aeropuertoarica.cl\/wp-content\/uploads\/2018\/08\/Botones_Espanol_tepual-06.svg\" alt=\"\" width=\"395\" height=\"210\" \/><\/a>[\/vc_column_text][vc_column_text css=&#8221;.vc_custom_1533654187737{margin-top: 0px !important;margin-bottom: 0px !important;padding-top: 0px !important;padding-bottom: 0px !important;}&#8221;]<a href=\"https:\/\/aeropuertoarica.cl\/preguntas-frecuentes\/\"><img loading=\"lazy\" decoding=\"async\" class=\"alignnone wp-image-56 size-full\" src=\"https:\/\/aeropuertoarica.cl\/wp-content\/uploads\/2018\/08\/Botones_Espanol_tepual-03.svg\" alt=\"\" width=\"395\" height=\"210\" \/><\/a>[\/vc_column_text][vc_column_text css=&#8221;.vc_custom_1533654194939{margin-top: 0px !important;margin-bottom: 0px !important;padding-top: 0px !important;padding-bottom: 0px !important;}&#8221;]<a href=\"https:\/\/aeropuertoarica.cl\/conoce-el-aeropuerto\/\"><img loading=\"lazy\" decoding=\"async\" class=\"alignnone wp-image-73 size-full\" src=\"https:\/\/aeropuertoarica.cl\/wp-content\/uploads\/2018\/08\/Botones_Espanol_tepual-02.svg\" alt=\"\" width=\"395\" height=\"210\" \/><\/a>[\/vc_column_text][vc_column_text css=&#8221;.vc_custom_1533654202611{margin-top: 0px !important;margin-bottom: 0px !important;padding-top: 0px !important;padding-bottom: 0px !important;}&#8221;]<a href=\"https:\/\/aeropuertoarica.cl\/como-llegar\/\"><img loading=\"lazy\" decoding=\"async\" class=\"alignnone wp-image-78 size-full\" src=\"https:\/\/aeropuertoarica.cl\/wp-content\/uploads\/2018\/08\/Botones_Espanol_tepual-04.svg\" alt=\"\" width=\"395\" height=\"210\" \/><\/a>[\/vc_column_text][\/vc_column_inner][vc_column_inner width=&#8221;3\/4&#8243;][vc_column_text css=&#8221;.vc_custom_1529515325238{margin-bottom: 0px !important;}&#8221;]<\/p>\n<h1 style=\"font-size: 30px; color: #003764; text-transform: uppercase; font-weight: 600;\">PREGUNTAS FRECUENTES<\/h1>\n<p>[\/vc_column_text][vc_separator color=&#8221;juicy_pink&#8221; align=&#8221;align_left&#8221; border_width=&#8221;2&#8243; el_width=&#8221;20&#8243; css=&#8221;.vc_custom_1529512149942{margin-top: 0px !important;}&#8221;][vc_column_text css=&#8221;.vc_custom_1613678192305{margin-top: 40px !important;}&#8221;]<\/p>\n<h3 style=\"font-weight: bold;\">\u00bfQu\u00e9 documentos necesito para viajar durante la contingencia sanitaria por COVID-19?<\/h3>\n<p style=\"font-size: 17px;\">Necesitar\u00e1s realizar la Declaraci\u00f3n Jurada Para Viajeros Para Prevenir Enfermedades Por Coronavirus (Pasaporte Sanitario) (www.C19.cl) y en el caso de que tu ciudad de origen o de destino se encuentre en Paso 1 (cuarentena) o Paso 2 (Transici\u00f3n), debes sacar el Permiso Temporal Individual. Para obtener m\u00e1s informaci\u00f3n, consultar el siguiente link <a href=\"https:\/\/saludresponde.minsal.cl\/preguntas-frecuentes-viajeros\/\">https:\/\/saludresponde.minsal.cl\/preguntas-frecuentes-viajeros\/<\/a><\/p>\n<p>[\/vc_column_text][vc_column_text css=&#8221;.vc_custom_1554843463166{margin-top: 40px !important;}&#8221;]<\/p>\n<h3 style=\"font-weight: bold;\">\u00bfCo\u0301mo puedo obtener informacio\u0301n de un vuelo?<\/h3>\n<p style=\"font-size: 17px;\">Se puede obtener informaci\u00f3n en l\u00ednea, de salidas y llegadas de vuelos, a trav\u00e9s de nuestra p\u00e1gina web. Tambi\u00e9n puede llamar a Informaciones del Aeropuerto de Arica al (56) 58 221 34 16 Si requiere mayor informaci\u00f3n o detalles m\u00e1s espec\u00edficos, relacionados a pasajes, equipaje perdido, precios o conexiones, debe comunicarse directamente con la l\u00ednea a\u00e9rea correspondiente. Se recomienda, igualmente, confirmar los horarios de salidas y llegadas con las l\u00edneas a\u00e9reas.<\/p>\n<p>[\/vc_column_text][vc_column_text css=&#8221;.vc_custom_1529515369062{margin-top: 40px !important;}&#8221;]<\/p>\n<h3 style=\"font-weight: bold;\">\u00bfQue\u0301 elementos esta\u0301n prohibidos de transportar en cabina (equipaje de mano)?<\/h3>\n<p style=\"font-size: 17px;\">Esta\u0301n prohibidos los elementos cortantes, cuchillos y similares, agujas de crochet, tijeras, cortaplumas, herramientas en general, palos de golf o similares, encendedores a gas, aerosoles, gasolina, bateri\u0301as, sacacorchos o cualquier elemento con filos o puntas.<\/p>\n<p>[\/vc_column_text][vc_column_text css=&#8221;.vc_custom_1529522951231{margin-top: 40px !important;}&#8221;]<\/p>\n<h3 style=\"font-weight: bold;\">\u00bfQue\u0301 debo hacer en el detector de metales en caso de poseer alguna pro\u0301tesis meta\u0301lica?<\/h3>\n<p style=\"font-size: 17px;\">En estos casos se debe informar al personal de seguridad encargado de la revisio\u0301n para que realice una revisio\u0301n manual a un costado del detector de metales.<\/p>\n<p>[\/vc_column_text][vc_column_text css=&#8221;.vc_custom_1529515413311{margin-top: 40px !important;}&#8221;]<\/p>\n<h3 style=\"font-weight: bold;\">\u00bfQue\u0301 documentos debo presentar a la hora de viajar?<\/h3>\n<p style=\"font-size: 17px;\">Para vuelos internacionales: el pasaporte, la ce\u0301dula de identidad y los pasajes. Para vuelos nacionales: la ce\u0301dula de identidad y los pasajes. Es recomendable realizar estas consultas con anticipacio\u0301n a la fecha del viaje, directamente con la compan\u0303i\u0301a ae\u0301rea.<\/p>\n<p>[\/vc_column_text][vc_column_text css=&#8221;.vc_custom_1613678558763{margin-top: 40px !important;}&#8221;]<\/p>\n<h3 style=\"font-weight: bold;\">\u00bfCua\u0301les son los servicios con los que cuenta el Aeropuerto?<\/h3>\n<p style=\"font-size: 17px;\">Existen mostradores de rent a car de las compan\u0303i\u0301as ma\u0301s reconocidas a nivel nacional, cajeros automa\u0301ticos , tele\u0301fonos pu\u0301blicos ,acceso a Internet WiFi, locales de servicio de comida. Para consultas en el aeropuerto tenemos a su disposicio\u0301n un centro de informacio\u0301n general y turismo, adema\u0301s de infraestructura para minusva\u0301lidos y estacionamientos.<\/p>\n<p>[\/vc_column_text][vc_column_text css=&#8221;.vc_custom_1529515474366{margin-top: 40px !important;}&#8221;]<\/p>\n<h3 style=\"font-weight: bold;\">\u00bfExiste servicio de carga en el aeropuerto?<\/h3>\n<p style=\"font-size: 17px;\">Muy cercano al terminal de pasajeros algunas compan\u0303i\u0301as ae\u0301reas prestan el servicio de traslado carga, a fin de que su documentacio\u0301n y paquetes puedan llegar en un menor tiempo y de manera ma\u0301s segura a su destino.<\/p>\n<p>[\/vc_column_text][\/vc_column_inner][\/vc_row_inner][\/vc_column][\/vc_row][vc_row full_width=&#8221;stretch_row_content&#8221; css=&#8221;.vc_custom_1525004677653{background-color: #e0e1e6 !important;}&#8221;][vc_column][vc_column_text css=&#8221;&#8221;]<\/p>\n<div style=\"display: flex; justify-content: space-around; align-items: flex-start;\">\n<div>\n<div>\n<div style=\"float: left; margin-right: 2px;\"><img loading=\"lazy\" decoding=\"async\" class=\"alignnone size-full wp-image-138\" style=\"width: 80%; vertical-align: text-top;\" src=\"https:\/\/aeropuertoarica.cl\/wp-content\/uploads\/2018\/04\/icon-phone-1.png\" alt=\"\" width=\"44\" height=\"42\" \/><\/div>\n<div style=\"float: left; margin: 0px;\">\n<p style=\"margin: 0px;\">Mes\u00f3n de informaciones<\/p>\n<p style=\"margin: 0px;\">(56 58) 221 3416<\/p>\n<p>(+56 9) 4478 1009<\/p>\n<\/div>\n<\/div>\n<\/div>\n<div>\n<div>\n<div style=\"float: left; margin-right: 10px;\"><img loading=\"lazy\" decoding=\"async\" style=\"width: 80%;\" src=\"https:\/\/aeropuertoarica.cl\/wp-content\/uploads\/2018\/04\/icon-horario.png\" alt=\"\" width=\"44\" height=\"42\" \/><\/div>\n<div style=\"float: left; margin: 0px;\">\n<p style=\"margin: 0px;\">Horario<\/p>\n<p style=\"margin: 0px;\">24 horas del d\u00eda.<\/p>\n<\/div>\n<\/div>\n<\/div>\n<div>\n<div>\n<div style=\"float: left; margin-right: 10px;\"><img loading=\"lazy\" decoding=\"async\" style=\"width: 80%;\" src=\"https:\/\/aeropuertoarica.cl\/wp-content\/uploads\/2018\/04\/location-icon.png\" alt=\"\" width=\"44\" height=\"42\" \/><\/div>\n<div style=\"float: left; margin: 0px;\">\n<p style=\"margin: 0px;\">Edificio Terminal de pasajeros,<\/p>\n<p style=\"margin: 0px;\">Aeropuerto Chacalluta de Arica<\/p>\n<p style=\"margin: 0px;\">Regi\u00f3n de Arica y Parinacota.<\/p>\n<\/div>\n<\/div>\n<\/div>\n<div>\n<div><a style=\"color: #666; background-color: #ebebeb; padding: 14px 20px;\" href=\"https:\/\/sacyr.com\/canal-etico\">Canal \u00c9tico<\/a><\/div>\n<\/div>\n<div style=\"display: flex;\"><img decoding=\"async\" class=\"imagenlsqa alignnone size-full wp-image-2342\" src=\"https:\/\/aeropuertoarica.cl\/wp-content\/uploads\/2024\/07\/6043_Sello1_Huella_2023.png\" alt=\"\" width=\"60\" \/><br \/>\n<img decoding=\"async\" style=\"width:100%;height:50px;\" class=\"imagenlsqa alignnone size-full wp-image-2342\" src=\"https:\/\/aeropuertoarica.cl\/wp-content\/uploads\/2025\/05\/logos-footer.png\" alt=\"logos\" width=\"300\" \/><\/div>\n<\/div>\n<p>[\/vc_column_text][\/vc_column][\/vc_row]<\/p>\n<\/div>","protected":false},"excerpt":{"rendered":"<p>[vc_row full_width=&#8221;stretch_row_content&#8221; css=&#8221;.vc_custom_1525024255825{margin-top: 0px !important;margin-bottom: 0px !important;padding-top: 0px !important;padding-bottom: 0px !important;}&#8221;][vc_column css=&#8221;.vc_custom_1532720784526{margin-top: 0px !important;padding-top: 0px !important;padding-right: 0px !important;padding-left: 0px !important;}&#8221; el_id=&#8221;wrap-preguntas&#8221; el_class=&#8221;wrap-preguntas&#8221;][vc_row_inner css=&#8221;.vc_custom_1525025096095{margin-top: 40px !important;margin-bottom: 0px<span class=\"excerpt-hellip\"> [\u2026]<\/span><\/p>\n","protected":false},"author":1004,"featured_media":0,"parent":0,"menu_order":0,"comment_status":"closed","ping_status":"closed","template":"","meta":{"footnotes":""},"class_list":["post-507","page","type-page","status-publish","hentry"],"_links":{"self":[{"href":"https:\/\/aeropuertoarica.cl\/en\/wp-json\/wp\/v2\/pages\/507","targetHints":{"allow":["GET"]}}],"collection":[{"href":"https:\/\/aeropuertoarica.cl\/en\/wp-json\/wp\/v2\/pages"}],"about":[{"href":"https:\/\/aeropuertoarica.cl\/en\/wp-json\/wp\/v2\/types\/page"}],"author":[{"embeddable":true,"href":"https:\/\/aeropuertoarica.cl\/en\/wp-json\/wp\/v2\/users\/1004"}],"replies":[{"embeddable":true,"href":"https:\/\/aeropuertoarica.cl\/en\/wp-json\/wp\/v2\/comments?post=507"}],"version-history":[{"count":29,"href":"https:\/\/aeropuertoarica.cl\/en\/wp-json\/wp\/v2\/pages\/507\/revisions"}],"predecessor-version":[{"id":2718,"href":"https:\/\/aeropuertoarica.cl\/en\/wp-json\/wp\/v2\/pages\/507\/revisions\/2718"}],"wp:attachment":[{"href":"https:\/\/aeropuertoarica.cl\/en\/wp-json\/wp\/v2\/media?parent=507"}],"curies":[{"name":"wp","href":"https:\/\/api.w.org\/{rel}","templated":true}]}}