{"id":513,"date":"2018-06-20T18:29:46","date_gmt":"2018-06-20T18:29:46","guid":{"rendered":"http:\/\/aeropuertoarica.cl\/?page_id=513"},"modified":"2025-05-28T16:46:44","modified_gmt":"2025-05-28T20:46:44","slug":"como-llegar","status":"publish","type":"page","link":"https:\/\/aeropuertoarica.cl\/en\/como-llegar\/","title":{"rendered":"CO\u0301MO LLEGAR"},"content":{"rendered":"<div class=\"wpb-content-wrapper\"><p>[vc_row full_width=&#8221;stretch_row_content&#8221; css=&#8221;.vc_custom_1525024255825{margin-top: 0px !important;margin-bottom: 0px !important;padding-top: 0px !important;padding-bottom: 0px !important;}&#8221;][vc_column css=&#8221;.vc_custom_1532700304775{margin-top: 0px !important;padding-top: 0px !important;padding-right: 0px !important;padding-left: 0px !important;}&#8221; el_id=&#8221;wrap-como-llegar&#8221; el_class=&#8221;wrap-como-llegar&#8221;][vc_row_inner css=&#8221;.vc_custom_1525025096095{margin-top: 40px !important;margin-bottom: 0px !important;padding-top: 0px !important;padding-right: 20px !important;padding-bottom: 0px !important;padding-left: 0px !important;}&#8221;][vc_column_inner el_class=&#8221;about-us&#8221; width=&#8221;1\/4&#8243; css=&#8221;.vc_custom_1533326501969{margin-top: 0px !important;margin-right: 0px !important;margin-bottom: 0px !important;padding-top: 0px !important;padding-right: 0px !important;padding-bottom: 0px !important;padding-left: 0px !important;}&#8221; el_id=&#8221;about-us&#8221;][vc_column_text css=&#8221;.vc_custom_1533326407869{margin-bottom: 0px !important;padding-bottom: 0px !important;}&#8221;]<a href=\"https:\/\/aeropuertoarica.cl\/tiempo\/\" rel=\"noopener\"><img loading=\"lazy\" decoding=\"async\" class=\"alignnone size-full wp-image-62\" src=\"https:\/\/aeropuertoarica.cl\/wp-content\/uploads\/2018\/08\/Botones_Espanol_tepual-01.svg\" alt=\"\" width=\"395\" height=\"210\" \/><\/a>[\/vc_column_text][vc_column_text css=&#8221;.vc_custom_1533326428310{margin-top: 0px !important;margin-bottom: 0px !important;padding-top: 0px !important;padding-bottom: 0px !important;}&#8221;]<a href=\"https:\/\/aeropuertoarica.cl\/galeria\/\"><img loading=\"lazy\" decoding=\"async\" class=\"alignnone size-full wp-image-62\" src=\"https:\/\/aeropuertoarica.cl\/wp-content\/uploads\/2018\/08\/Botones_Espanol_tepual-05.svg\" alt=\"\" width=\"395\" height=\"210\" \/><\/a>[\/vc_column_text][vc_column_text css=&#8221;.vc_custom_1533326442834{margin-top: 0px !important;margin-bottom: 0px !important;padding-top: 0px !important;padding-bottom: 0px !important;}&#8221;]<a href=\"https:\/\/aeropuertoarica.cl\/resena-del-aeropuerto-de-puerto-montt\/\"><img loading=\"lazy\" decoding=\"async\" class=\"alignnone wp-image-128 size-full\" src=\"https:\/\/aeropuertoarica.cl\/wp-content\/uploads\/2018\/08\/Botones_Espanol_tepual-06.svg\" alt=\"\" width=\"395\" height=\"210\" \/><\/a>[\/vc_column_text][vc_column_text css=&#8221;.vc_custom_1533326456308{margin-top: 0px !important;margin-bottom: 0px !important;padding-top: 0px !important;padding-bottom: 0px !important;}&#8221;]<a href=\"https:\/\/aeropuertoarica.cl\/preguntas-frecuentes\/\"><img loading=\"lazy\" decoding=\"async\" class=\"alignnone wp-image-56 size-full\" src=\"https:\/\/aeropuertoarica.cl\/wp-content\/uploads\/2018\/08\/Botones_Espanol_tepual-03.svg\" alt=\"\" width=\"395\" height=\"210\" \/><\/a>[\/vc_column_text][vc_column_text css=&#8221;.vc_custom_1533326469835{margin-top: 0px !important;margin-bottom: 0px !important;padding-top: 0px !important;padding-bottom: 0px !important;}&#8221;]<a href=\"https:\/\/aeropuertoarica.cl\/conoce-el-aeropuerto\/\"><img loading=\"lazy\" decoding=\"async\" class=\"alignnone wp-image-73 size-full\" src=\"https:\/\/aeropuertoarica.cl\/wp-content\/uploads\/2018\/08\/Botones_Espanol_tepual-02.svg\" alt=\"\" width=\"395\" height=\"210\" \/><\/a>[\/vc_column_text][vc_column_text css=&#8221;.vc_custom_1533326485939{margin-top: 0px !important;margin-bottom: 0px !important;padding-top: 0px !important;padding-bottom: 0px !important;}&#8221;]<a href=\"https:\/\/aeropuertoarica.cl\/como-llegar\/\"><img loading=\"lazy\" decoding=\"async\" class=\"alignnone wp-image-78 size-full\" src=\"https:\/\/aeropuertoarica.cl\/wp-content\/uploads\/2018\/08\/Botones_Espanol_tepual-04.svg\" alt=\"\" width=\"395\" height=\"210\" \/><\/a>[\/vc_column_text][\/vc_column_inner][vc_column_inner width=&#8221;3\/4&#8243;][vc_column_text css=&#8221;.vc_custom_1529515646727{margin-bottom: 0px !important;}&#8221;]<\/p>\n<h1 style=\"font-size: 30px; color: #003764; text-transform: uppercase; font-weight: 600;\">CO\u0301MO LLEGAR<\/h1>\n<p>[\/vc_column_text][vc_separator color=&#8221;juicy_pink&#8221; align=&#8221;align_left&#8221; border_width=&#8221;2&#8243; el_width=&#8221;20&#8243; css=&#8221;.vc_custom_1525025012605{margin-top: 10px !important;}&#8221;][vc_column_text css=&#8221;.vc_custom_1555421640825{margin-top: 30px !important;}&#8221;]Para llegar en veh\u00edculo desde Arica al Aeropuerto Chacalluta deber\u00e1 dirigirse por la Ruta 5 en direcci\u00f3n al norte, hasta empalmar con la Ruta 12 en direcci\u00f3n al Aeropuerto.[\/vc_column_text][vc_gmaps link=&#8221;#E-8_JTNDaWZyYW1lJTIwc3JjJTNEJTIyaHR0cHMlM0ElMkYlMkZ3d3cuZ29vZ2xlLmNvbSUyRm1hcHMlMkZlbWJlZCUzRnBiJTNEJTIxMW0xOCUyMTFtMTIlMjExbTMlMjExZDQxNS4zODIzMjIxNjY4Nzc3NyUyMTJkLTcwLjMzNTQ1OTU5OTY0OTY1JTIxM2QtMTguMzQ4NTU3MjYwNDE2ODIlMjEybTMlMjExZjAlMjEyZjAlMjEzZjAlMjEzbTIlMjExaTEwMjQlMjEyaTc2OCUyMTRmMTMuMSUyMTNtMyUyMTFtMiUyMTFzMHg5MTVhYWU3NTQwYmE5MWY1JTI1M0EweDgwMTgxMDJkZDUwZTE2MDUlMjEyc0Flcm9wdWVydG8lMkJJbnRlcm5hY2lvbmFsJTJCQ2hhY2FsbHV0YSUyMTVlMCUyMTNtMiUyMTFzZXMtNDE5JTIxMnNjbCUyMTR2MTU1NDgyNDI4NDkxMCUyMTVtMiUyMTFzZXMtNDE5JTIxMnNjbCUyMiUyMHdpZHRoJTNEJTIyNjAwJTIyJTIwaGVpZ2h0JTNEJTIyODAwJTIyJTIwZnJhbWVib3JkZXIlM0QlMjIwJTIyJTIwc3R5bGUlM0QlMjJib3JkZXIlM0EwJTIyJTIwYWxsb3dmdWxsc2NyZWVuJTNFJTNDJTJGaWZyYW1lJTNF&#8221; css=&#8221;.vc_custom_1554824321824{margin-top: 60px !important;}&#8221;][\/vc_column_inner][\/vc_row_inner][\/vc_column][\/vc_row][vc_row full_width=&#8221;stretch_row_content&#8221; css=&#8221;.vc_custom_1525004677653{background-color: #e0e1e6 !important;}&#8221;][vc_column][vc_column_text css=&#8221;&#8221;]<\/p>\n<div style=\"display: flex; justify-content: space-around; align-items: flex-start;\">\n<div>\n<div>\n<div style=\"float: left; margin-right: 2px;\"><img loading=\"lazy\" decoding=\"async\" class=\"alignnone size-full wp-image-138\" style=\"width: 80%; vertical-align: text-top;\" src=\"https:\/\/aeropuertoarica.cl\/wp-content\/uploads\/2018\/04\/icon-phone-1.png\" alt=\"\" width=\"44\" height=\"42\" \/><\/div>\n<div style=\"float: left; margin: 0px;\">\n<p style=\"margin: 0px;\">Mes\u00f3n de informaciones<\/p>\n<p style=\"margin: 0px;\">(56 58) 221 3416<\/p>\n<p>(+56 9) 4478 1009<\/p>\n<\/div>\n<\/div>\n<\/div>\n<div>\n<div>\n<div style=\"float: left; margin-right: 10px;\"><img loading=\"lazy\" decoding=\"async\" style=\"width: 80%;\" src=\"https:\/\/aeropuertoarica.cl\/wp-content\/uploads\/2018\/04\/icon-horario.png\" alt=\"\" width=\"44\" height=\"42\" \/><\/div>\n<div style=\"float: left; margin: 0px;\">\n<p style=\"margin: 0px;\">Horario<\/p>\n<p style=\"margin: 0px;\">24 horas del d\u00eda.<\/p>\n<\/div>\n<\/div>\n<\/div>\n<div>\n<div>\n<div style=\"float: left; margin-right: 10px;\"><img loading=\"lazy\" decoding=\"async\" style=\"width: 80%;\" src=\"https:\/\/aeropuertoarica.cl\/wp-content\/uploads\/2018\/04\/location-icon.png\" alt=\"\" width=\"44\" height=\"42\" \/><\/div>\n<div style=\"float: left; margin: 0px;\">\n<p style=\"margin: 0px;\">Edificio Terminal de pasajeros,<\/p>\n<p style=\"margin: 0px;\">Aeropuerto Chacalluta de Arica<\/p>\n<p style=\"margin: 0px;\">Regi\u00f3n de Arica y Parinacota.<\/p>\n<\/div>\n<\/div>\n<\/div>\n<div>\n<div><a style=\"color: #666; background-color: #ebebeb; padding: 14px 20px;\" href=\"https:\/\/sacyr.com\/canal-etico\">Canal \u00c9tico<\/a><\/div>\n<\/div>\n<div style=\"display: flex;\"><img decoding=\"async\" class=\"imagenlsqa alignnone size-full wp-image-2342\" src=\"https:\/\/aeropuertoarica.cl\/wp-content\/uploads\/2024\/07\/6043_Sello1_Huella_2023.png\" alt=\"\" width=\"60\" \/><br \/>\n<img decoding=\"async\" style=\"width:100%;height:50px;\" class=\"imagenlsqa alignnone size-full wp-image-2342\" src=\"https:\/\/aeropuertoarica.cl\/wp-content\/uploads\/2025\/05\/logos-footer.png\" alt=\"logos\" width=\"300\" \/><\/div>\n<\/div>\n<p>[\/vc_column_text][vc_column_text]<\/p>\n<div><a style=\"float: right; padding-right: 20px; text-decoration: none; color: #626262;\" href=\"https:\/\/www.aipchile.gob.cl\/\">AIP CHILE DGAC<\/a><\/div>\n<p>[\/vc_column_text][\/vc_column][\/vc_row]<\/p>\n<\/div>","protected":false},"excerpt":{"rendered":"<p>[vc_row full_width=&#8221;stretch_row_content&#8221; css=&#8221;.vc_custom_1525024255825{margin-top: 0px !important;margin-bottom: 0px !important;padding-top: 0px !important;padding-bottom: 0px !important;}&#8221;][vc_column css=&#8221;.vc_custom_1532700304775{margin-top: 0px !important;padding-top: 0px !important;padding-right: 0px !important;padding-left: 0px !important;}&#8221; el_id=&#8221;wrap-como-llegar&#8221; el_class=&#8221;wrap-como-llegar&#8221;][vc_row_inner css=&#8221;.vc_custom_1525025096095{margin-top: 40px !important;margin-bottom: 0px<span class=\"excerpt-hellip\"> [\u2026]<\/span><\/p>\n","protected":false},"author":1004,"featured_media":0,"parent":0,"menu_order":0,"comment_status":"closed","ping_status":"closed","template":"","meta":{"footnotes":""},"class_list":["post-513","page","type-page","status-publish","hentry"],"_links":{"self":[{"href":"https:\/\/aeropuertoarica.cl\/en\/wp-json\/wp\/v2\/pages\/513","targetHints":{"allow":["GET"]}}],"collection":[{"href":"https:\/\/aeropuertoarica.cl\/en\/wp-json\/wp\/v2\/pages"}],"about":[{"href":"https:\/\/aeropuertoarica.cl\/en\/wp-json\/wp\/v2\/types\/page"}],"author":[{"embeddable":true,"href":"https:\/\/aeropuertoarica.cl\/en\/wp-json\/wp\/v2\/users\/1004"}],"replies":[{"embeddable":true,"href":"https:\/\/aeropuertoarica.cl\/en\/wp-json\/wp\/v2\/comments?post=513"}],"version-history":[{"count":33,"href":"https:\/\/aeropuertoarica.cl\/en\/wp-json\/wp\/v2\/pages\/513\/revisions"}],"predecessor-version":[{"id":2704,"href":"https:\/\/aeropuertoarica.cl\/en\/wp-json\/wp\/v2\/pages\/513\/revisions\/2704"}],"wp:attachment":[{"href":"https:\/\/aeropuertoarica.cl\/en\/wp-json\/wp\/v2\/media?parent=513"}],"curies":[{"name":"wp","href":"https:\/\/api.w.org\/{rel}","templated":true}]}}