{"id":901,"date":"2018-06-21T15:53:48","date_gmt":"2018-06-21T15:53:48","guid":{"rendered":"http:\/\/aeropuertoarica.cl\/?page_id=901"},"modified":"2025-05-28T16:46:07","modified_gmt":"2025-05-28T20:46:07","slug":"resena-del-aeropuerto-de-puerto-montt","status":"publish","type":"page","link":"https:\/\/aeropuertoarica.cl\/en\/resena-del-aeropuerto-de-puerto-montt\/","title":{"rendered":"Rese\u00f1a del Aeropuerto de Arica"},"content":{"rendered":"<div class=\"wpb-content-wrapper\"><p>[vc_row full_width=&#8221;stretch_row_content&#8221; css=&#8221;.vc_custom_1525024255825{margin-top: 0px !important;margin-bottom: 0px !important;padding-top: 0px !important;padding-bottom: 0px !important;}&#8221;][vc_column css=&#8221;.vc_custom_1532699113036{margin-top: 0px !important;padding-top: 0px !important;padding-right: 0px !important;padding-left: 0px !important;}&#8221; el_id=&#8221;wrap-rese\u00f1a&#8221; el_class=&#8221;wrap-rese\u00f1a&#8221;][vc_row_inner css=&#8221;.vc_custom_1525025096095{margin-top: 40px !important;margin-bottom: 0px !important;padding-top: 0px !important;padding-right: 20px !important;padding-bottom: 0px !important;padding-left: 0px !important;}&#8221;][vc_column_inner el_class=&#8221;about-us&#8221; width=&#8221;1\/4&#8243; css=&#8221;.vc_custom_1533323129060{margin-top: 0px !important;margin-right: 0px !important;margin-bottom: 0px !important;padding-top: 0px !important;padding-right: 0px !important;padding-bottom: 0px !important;padding-left: 0px !important;}&#8221; el_id=&#8221;about-us&#8221;][vc_column_text css=&#8221;.vc_custom_1533323748981{margin-bottom: 0px !important;padding-bottom: 0px !important;}&#8221;]<a href=\"https:\/\/aeropuertoarica.cl\/tiempo\/\" rel=\"noopener\"><img loading=\"lazy\" decoding=\"async\" class=\"alignnone size-full wp-image-62\" src=\"https:\/\/aeropuertoarica.cl\/wp-content\/uploads\/2018\/08\/Botones_Espanol_tepual-01.svg\" alt=\"\" width=\"395\" height=\"210\" \/><\/a>[\/vc_column_text][vc_column_text css=&#8221;.vc_custom_1533323764319{margin-top: 0px !important;margin-bottom: 0px !important;padding-top: 0px !important;padding-bottom: 0px !important;}&#8221;]<a href=\"https:\/\/aeropuertoarica.cl\/galeria\/\"><img loading=\"lazy\" decoding=\"async\" class=\"alignnone size-full wp-image-62\" src=\"https:\/\/aeropuertoarica.cl\/wp-content\/uploads\/2018\/08\/Botones_Espanol_tepual-05.svg\" alt=\"\" width=\"395\" height=\"210\" \/><\/a>[\/vc_column_text][vc_column_text css=&#8221;.vc_custom_1533323789462{margin-top: 0px !important;margin-bottom: 0px !important;padding-top: 0px !important;padding-bottom: 0px !important;}&#8221;]<a href=\"https:\/\/aeropuertoarica.cl\/resena-del-aeropuerto-de-puerto-montt\/\"><img loading=\"lazy\" decoding=\"async\" class=\"alignnone wp-image-128 size-full\" src=\"https:\/\/aeropuertoarica.cl\/wp-content\/uploads\/2018\/08\/Botones_Espanol_tepual-06.svg\" alt=\"\" width=\"395\" height=\"210\" \/><\/a>[\/vc_column_text][vc_column_text css=&#8221;.vc_custom_1533323807632{margin-top: 0px !important;margin-bottom: 0px !important;padding-top: 0px !important;padding-bottom: 0px !important;}&#8221;]<a href=\"https:\/\/aeropuertoarica.cl\/preguntas-frecuentes\/\"><img loading=\"lazy\" decoding=\"async\" class=\"alignnone wp-image-56 size-full\" src=\"https:\/\/aeropuertoarica.cl\/wp-content\/uploads\/2018\/08\/Botones_Espanol_tepual-03.svg\" alt=\"\" width=\"395\" height=\"210\" \/><\/a>[\/vc_column_text][vc_column_text css=&#8221;.vc_custom_1533323822111{margin-top: 0px !important;margin-bottom: 0px !important;padding-top: 0px !important;padding-bottom: 0px !important;}&#8221;]<a href=\"https:\/\/aeropuertoarica.cl\/conoce-el-aeropuerto\/\"><img loading=\"lazy\" decoding=\"async\" class=\"alignnone wp-image-73 size-full\" src=\"https:\/\/aeropuertoarica.cl\/wp-content\/uploads\/2018\/08\/Botones_Espanol_tepual-02.svg\" alt=\"\" width=\"395\" height=\"210\" \/><\/a>[\/vc_column_text][vc_column_text css=&#8221;.vc_custom_1533323834743{margin-top: 0px !important;margin-bottom: 0px !important;padding-top: 0px !important;padding-bottom: 0px !important;}&#8221;]<a href=\"https:\/\/aeropuertoarica.cl\/como-llegar\/\"><img loading=\"lazy\" decoding=\"async\" class=\"alignnone wp-image-78 size-full\" src=\"https:\/\/aeropuertoarica.cl\/wp-content\/uploads\/2018\/08\/Botones_Espanol_tepual-04.svg\" alt=\"\" width=\"395\" height=\"210\" \/><\/a>[\/vc_column_text][\/vc_column_inner][vc_column_inner width=&#8221;3\/4&#8243;][vc_column_text css=&#8221;.vc_custom_1554823216045{margin-top: 40px !important;margin-bottom: 0px !important;}&#8221;]<\/p>\n<h1 style=\"font-size: 30px; color: #003764; text-transform: uppercase; font-weight: 600;\">Rese\u00f1a del Aeropuerto de Arica<\/h1>\n<p>[\/vc_column_text][vc_separator color=&#8221;juicy_pink&#8221; align=&#8221;align_left&#8221; border_width=&#8221;2&#8243; el_width=&#8221;20&#8243; css=&#8221;.vc_custom_1525025012605{margin-top: 10px !important;}&#8221;][vc_single_image image=&#8221;1607&#8243; img_size=&#8221;full&#8221; alignment=&#8221;center&#8221; el_class=&#8221;img-resena&#8221;][vc_column_text]<\/p>\n<p style=\"margin-top: 40px;\" align=\"justify\">El Aeropuerto Chacalluta de Arica, cuyo c\u00f3digo OACI es SCAR, est\u00e1 ubicado a 18,5 km al noroeste de la ciudad de Arica y al poniente de la ruta 5 Norte, en la Regi\u00f3n de Arica y Parinacota.<\/p>\n<p>Fue una de las principales obras p\u00fablicas realizadas bajo el segundo gobierno de Carlos Ib\u00e1\u00f1ez del Campo. Los progresos en las m\u00e1quinas y t\u00e9cnicas aeron\u00e1uticas, sumado a la imperiosa necesidad de comunicaci\u00f3n de Arica con la capital, impuls\u00f3 la construcci\u00f3n de este aeropuerto. Se iniciaron los trabajos el a\u00f1o 1955, construyendo una calle de rodaje y pista provisoria, mientras se constru\u00eda la definitiva, con una inversi\u00f3n de $22.500.000 de la \u00e9poca. El aeropuerto fue inaugurado el 27 de septiembre del a\u00f1o 1956, por el mismo Presidente Ib\u00e1\u00f1ez. En la d\u00e9cada de 1960, tras la creaci\u00f3n de la Direcci\u00f3n de Aeropuertos del Ministerio de Obras P\u00fablicas, se realizaron trabajos de mejoramiento de sus pistas y, en la d\u00e9cada de 1970, se ejecuta una completa remodelaci\u00f3n de las instalaciones.<\/p>\n<p>Actualmente cuenta con una pista de aterrizaje de 2.170 metros de largo y 45 metros de ancho, construida en pavimento asf\u00e1ltico. Su edificio Terminal tiene una superficie construida total de 4.125 m2, distribuida en dos niveles, con 2 puentes de embarque y 2 cintas transportadoras del equipaje arribado. La disponibilidad de estacionamientos es de 317 veh\u00edculos e incluye 5 ubicaciones para pasajeros con movilidad reducida.[\/vc_column_text][\/vc_column_inner][\/vc_row_inner][\/vc_column][\/vc_row][vc_row full_width=&#8221;stretch_row_content&#8221; css=&#8221;.vc_custom_1525004677653{background-color: #e0e1e6 !important;}&#8221;][vc_column][vc_column_text css=&#8221;&#8221;]<\/p>\n<div style=\"display: flex; justify-content: space-around; align-items: flex-start;\">\n<div>\n<div>\n<div style=\"float: left; margin-right: 2px;\"><img loading=\"lazy\" decoding=\"async\" class=\"alignnone size-full wp-image-138\" style=\"width: 80%; vertical-align: text-top;\" src=\"https:\/\/aeropuertoarica.cl\/wp-content\/uploads\/2018\/04\/icon-phone-1.png\" alt=\"\" width=\"44\" height=\"42\" \/><\/div>\n<div style=\"float: left; margin: 0px;\">\n<p style=\"margin: 0px;\">Mes\u00f3n de informaciones<\/p>\n<p style=\"margin: 0px;\">(56 58) 221 3416<\/p>\n<p>(+56 9) 4478 1009<\/p>\n<\/div>\n<\/div>\n<\/div>\n<div>\n<div>\n<div style=\"float: left; margin-right: 10px;\"><img loading=\"lazy\" decoding=\"async\" style=\"width: 80%;\" src=\"https:\/\/aeropuertoarica.cl\/wp-content\/uploads\/2018\/04\/icon-horario.png\" alt=\"\" width=\"44\" height=\"42\" \/><\/div>\n<div style=\"float: left; margin: 0px;\">\n<p style=\"margin: 0px;\">Horario<\/p>\n<p style=\"margin: 0px;\">24 horas del d\u00eda.<\/p>\n<\/div>\n<\/div>\n<\/div>\n<div>\n<div>\n<div style=\"float: left; margin-right: 10px;\"><img loading=\"lazy\" decoding=\"async\" style=\"width: 80%;\" src=\"https:\/\/aeropuertoarica.cl\/wp-content\/uploads\/2018\/04\/location-icon.png\" alt=\"\" width=\"44\" height=\"42\" \/><\/div>\n<div style=\"float: left; margin: 0px;\">\n<p style=\"margin: 0px;\">Edificio Terminal de pasajeros,<\/p>\n<p style=\"margin: 0px;\">Aeropuerto Chacalluta de Arica<\/p>\n<p style=\"margin: 0px;\">Regi\u00f3n de Arica y Parinacota.<\/p>\n<\/div>\n<\/div>\n<\/div>\n<div>\n<div><a style=\"color: #666; background-color: #ebebeb; padding: 14px 20px;\" href=\"https:\/\/sacyr.com\/canal-etico\">Canal \u00c9tico<\/a><\/div>\n<\/div>\n<div style=\"display: flex;\"><img decoding=\"async\" class=\"imagenlsqa alignnone size-full wp-image-2342\" src=\"https:\/\/aeropuertoarica.cl\/wp-content\/uploads\/2024\/07\/6043_Sello1_Huella_2023.png\" alt=\"\" width=\"60\" \/><br \/>\n<img decoding=\"async\" style=\"width:100%;height:50px;\" class=\"imagenlsqa alignnone size-full wp-image-2342\" src=\"https:\/\/aeropuertoarica.cl\/wp-content\/uploads\/2025\/05\/logos-footer.png\" alt=\"logos\" width=\"300\" \/><\/div>\n<\/div>\n<p>[\/vc_column_text][\/vc_column][\/vc_row]<\/p>\n<\/div>","protected":false},"excerpt":{"rendered":"<p>[vc_row full_width=&#8221;stretch_row_content&#8221; css=&#8221;.vc_custom_1525024255825{margin-top: 0px !important;margin-bottom: 0px !important;padding-top: 0px !important;padding-bottom: 0px !important;}&#8221;][vc_column css=&#8221;.vc_custom_1532699113036{margin-top: 0px !important;padding-top: 0px !important;padding-right: 0px !important;padding-left: 0px !important;}&#8221; el_id=&#8221;wrap-rese\u00f1a&#8221; el_class=&#8221;wrap-rese\u00f1a&#8221;][vc_row_inner css=&#8221;.vc_custom_1525025096095{margin-top: 40px !important;margin-bottom: 0px<span class=\"excerpt-hellip\"> [\u2026]<\/span><\/p>\n","protected":false},"author":1004,"featured_media":0,"parent":0,"menu_order":0,"comment_status":"closed","ping_status":"open","template":"","meta":{"footnotes":""},"class_list":["post-901","page","type-page","status-publish","hentry"],"_links":{"self":[{"href":"https:\/\/aeropuertoarica.cl\/en\/wp-json\/wp\/v2\/pages\/901","targetHints":{"allow":["GET"]}}],"collection":[{"href":"https:\/\/aeropuertoarica.cl\/en\/wp-json\/wp\/v2\/pages"}],"about":[{"href":"https:\/\/aeropuertoarica.cl\/en\/wp-json\/wp\/v2\/types\/page"}],"author":[{"embeddable":true,"href":"https:\/\/aeropuertoarica.cl\/en\/wp-json\/wp\/v2\/users\/1004"}],"replies":[{"embeddable":true,"href":"https:\/\/aeropuertoarica.cl\/en\/wp-json\/wp\/v2\/comments?post=901"}],"version-history":[{"count":40,"href":"https:\/\/aeropuertoarica.cl\/en\/wp-json\/wp\/v2\/pages\/901\/revisions"}],"predecessor-version":[{"id":2702,"href":"https:\/\/aeropuertoarica.cl\/en\/wp-json\/wp\/v2\/pages\/901\/revisions\/2702"}],"wp:attachment":[{"href":"https:\/\/aeropuertoarica.cl\/en\/wp-json\/wp\/v2\/media?parent=901"}],"curies":[{"name":"wp","href":"https:\/\/api.w.org\/{rel}","templated":true}]}}